{"id":532,"date":"2025-12-29T13:52:15","date_gmt":"2025-12-29T12:52:15","guid":{"rendered":"https:\/\/quatripro.pl\/?page_id=532"},"modified":"2026-01-21T19:24:56","modified_gmt":"2026-01-21T18:24:56","slug":"szybka-wycena","status":"publish","type":"page","link":"https:\/\/quatripro.pl\/?page_id=532","title":{"rendered":"Szybka wycena"},"content":{"rendered":"\t\t<div data-elementor-type=\"wp-page\" data-elementor-id=\"532\" class=\"elementor elementor-532\">\n\t\t\t\t<div class=\"elementor-element elementor-element-4362dd5 e-flex e-con-boxed e-con e-parent\" data-id=\"4362dd5\" data-element_type=\"container\" data-e-type=\"container\">\n\t\t\t\t\t<div class=\"e-con-inner\">\n\t\t\t\t<div class=\"elementor-element elementor-element-5f19e1b elementor-widget elementor-widget-heading\" data-id=\"5f19e1b\" data-element_type=\"widget\" data-e-type=\"widget\" data-widget_type=\"heading.default\">\n\t\t\t\t\t<h2 class=\"elementor-heading-title elementor-size-default\">Szybka wycena - oferta skrojona na miar\u0119 Twoich potrzeb<\/h2>\t\t\t\t<\/div>\n\t\t\t\t\t<\/div>\n\t\t\t\t<\/div>\n\t\t<div class=\"elementor-element elementor-element-015c274 e-flex e-con-boxed e-con e-parent\" data-id=\"015c274\" data-element_type=\"container\" data-e-type=\"container\">\n\t\t\t\t\t<div class=\"e-con-inner\">\n\t\t\t\t<div class=\"elementor-element elementor-element-68a7d04 elementor-widget elementor-widget-image\" data-id=\"68a7d04\" data-element_type=\"widget\" data-e-type=\"widget\" data-widget_type=\"image.default\">\n\t\t\t\t\t\t\t\t\t\t\t\t\t\t\t<img fetchpriority=\"high\" decoding=\"async\" width=\"1024\" height=\"576\" src=\"https:\/\/quatripro.pl\/wp-content\/uploads\/2025\/12\/Projekt-bez-nazwy-74-1024x576.png\" class=\"attachment-large size-large wp-image-534\" alt=\"Szybka wycena us\u0142ug Quatri Pro, oferta us\u0142ug budowlanych skrojona na miar\u0119 potrzeb klienta, indywidualna wycena us\u0142ug\" srcset=\"https:\/\/quatripro.pl\/wp-content\/uploads\/2025\/12\/Projekt-bez-nazwy-74-1024x576.png 1024w, https:\/\/quatripro.pl\/wp-content\/uploads\/2025\/12\/Projekt-bez-nazwy-74-300x169.png 300w, https:\/\/quatripro.pl\/wp-content\/uploads\/2025\/12\/Projekt-bez-nazwy-74-768x432.png 768w, https:\/\/quatripro.pl\/wp-content\/uploads\/2025\/12\/Projekt-bez-nazwy-74-1536x864.png 1536w, https:\/\/quatripro.pl\/wp-content\/uploads\/2025\/12\/Projekt-bez-nazwy-74.png 1920w\" sizes=\"(max-width: 1024px) 100vw, 1024px\" \/>\t\t\t\t\t\t\t\t\t\t\t\t\t\t\t<\/div>\n\t\t\t\t\t<\/div>\n\t\t\t\t<\/div>\n\t\t<div class=\"elementor-element elementor-element-63e238a e-flex e-con-boxed e-con e-parent\" data-id=\"63e238a\" data-element_type=\"container\" data-e-type=\"container\">\n\t\t\t\t\t<div class=\"e-con-inner\">\n\t\t\t\t<div class=\"elementor-element elementor-element-7afd044 elementor-widget elementor-widget-text-editor\" data-id=\"7afd044\" data-element_type=\"widget\" data-e-type=\"widget\" data-widget_type=\"text-editor.default\">\n\t\t\t\t\t\t\t\t\t<div data-ogsc=\"black\" data-ogsb=\"white\" data-olk-copy-source=\"MessageBody\"><div class=\"elementor-element elementor-element-69b34d2 e-flex e-con-boxed e-con e-parent e-lazyloaded\" data-id=\"69b34d2\" data-element_type=\"container\"><div class=\"e-con-inner\"><div class=\"elementor-element elementor-element-2b01f29 elementor-widget elementor-widget-text-editor\" data-id=\"2b01f29\" data-element_type=\"widget\" data-widget_type=\"text-editor.default\"><h3 style=\"text-align: center;\">Potrzebujesz pozna\u0107 koszt realizacji swojego projektu?<\/h3><h4 style=\"text-align: center;\">Skorzystaj z naszego formularza szybkiej wyceny!<\/h4><p style=\"text-align: center;\">Wype\u0142nij kilka podstawowych p\u00f3l, a przygotuj\u0119 dla Ciebie indywidualn\u0105 ofert\u0119 dopasowan\u0105 do Twoich potrzeb. Nie tra\u0107 czasu na d\u0142ugie rozmowy \u2013 wy\u015blij zapytanie, a odpowied\u017a otrzymasz ju\u017c w ci\u0105gu 24 godzin.<\/p><\/div><\/div><\/div><div class=\"elementor-element elementor-element-619b2f5 e-flex e-con-boxed e-con e-parent e-lazyloaded\" data-id=\"619b2f5\" data-element_type=\"container\"><div class=\"e-con-inner\"><div class=\"elementor-element elementor-element-d0942ff elementor-widget elementor-widget-text-editor\" data-id=\"d0942ff\" data-element_type=\"widget\" data-widget_type=\"text-editor.default\"><p style=\"text-align: center;\"><strong>Wype\u0142nij formularz i poznaj cen\u0119 swojego projektu ju\u017c dzi\u015b! Kliknij poni\u017cej, podaj kilka szczeg\u00f3\u0142\u00f3w i odbierz bezp\u0142atn\u0105 wycen\u0119 nawet tego samego dnia.\u00a0<\/strong><\/p><\/div><\/div><\/div><\/div>\t\t\t\t\t\t\t\t<\/div>\n\t\t\t\t\t<\/div>\n\t\t\t\t<\/div>\n\t\t<div class=\"elementor-element elementor-element-e2d1fcc e-flex e-con-boxed e-con e-parent\" data-id=\"e2d1fcc\" data-element_type=\"container\" data-e-type=\"container\">\n\t\t\t\t\t<div class=\"e-con-inner\">\n\t\t\t\t<div class=\"elementor-element elementor-element-0c0c30a elementor-widget elementor-widget-html\" data-id=\"0c0c30a\" data-element_type=\"widget\" data-e-type=\"widget\" data-widget_type=\"html.default\">\n\t\t\t\t\t\n<div class=\"wpcf7 no-js\" id=\"wpcf7-f531-o1\" lang=\"pl-PL\" dir=\"ltr\" data-wpcf7-id=\"531\">\n<div class=\"screen-reader-response\"><p role=\"status\" aria-live=\"polite\" aria-atomic=\"true\"><\/p> <ul><\/ul><\/div>\n<form action=\"\/index.php?rest_route=%2Fwp%2Fv2%2Fpages%2F532#wpcf7-f531-o1\" method=\"post\" class=\"wpcf7-form init\" aria-label=\"Formularz kontaktowy\" enctype=\"multipart\/form-data\" novalidate=\"novalidate\" data-status=\"init\">\n<fieldset class=\"hidden-fields-container\"><input type=\"hidden\" name=\"_wpcf7\" value=\"531\" \/><input type=\"hidden\" name=\"_wpcf7_version\" value=\"6.1.5\" \/><input type=\"hidden\" name=\"_wpcf7_locale\" value=\"pl_PL\" \/><input type=\"hidden\" name=\"_wpcf7_unit_tag\" value=\"wpcf7-f531-o1\" \/><input type=\"hidden\" name=\"_wpcf7_container_post\" value=\"0\" \/><input type=\"hidden\" name=\"_wpcf7_posted_data_hash\" value=\"\" \/>\n<\/fieldset>\n<p><label> Twoje imi\u0119 i nazwisko<br \/>\n<span class=\"wpcf7-form-control-wrap\" data-name=\"your-name\"><input size=\"40\" maxlength=\"400\" class=\"wpcf7-form-control wpcf7-text wpcf7-validates-as-required\" autocomplete=\"name\" aria-required=\"true\" aria-invalid=\"false\" value=\"\" type=\"text\" name=\"your-name\" \/><\/span> <\/label>\n<\/p>\n<p><label> Tw\u00f3j adres e-mail<br \/>\n<span class=\"wpcf7-form-control-wrap\" data-name=\"your-email\"><input size=\"40\" maxlength=\"400\" class=\"wpcf7-form-control wpcf7-email wpcf7-validates-as-required wpcf7-text wpcf7-validates-as-email\" autocomplete=\"email\" aria-required=\"true\" aria-invalid=\"false\" value=\"\" type=\"email\" name=\"your-email\" \/><\/span> <\/label>\n<\/p>\n<p><label> Tw\u00f3j telefon<br \/>\n<span class=\"wpcf7-form-control-wrap\" data-name=\"tel-157\"><input size=\"40\" maxlength=\"400\" class=\"wpcf7-form-control wpcf7-tel wpcf7-validates-as-required wpcf7-text wpcf7-validates-as-tel\" aria-required=\"true\" aria-invalid=\"false\" value=\"\" type=\"tel\" name=\"tel-157\" \/><\/span><\/label>\n<\/p>\n<p><label> Rodzaj us\u0142ugi<br \/>\n<span class=\"wpcf7-form-control-wrap\" data-name=\"select-195\"><select class=\"wpcf7-form-control wpcf7-select wpcf7-validates-as-required\" aria-required=\"true\" aria-invalid=\"false\" name=\"select-195\"><option value=\"\">WYBIERZ<\/option><option value=\"Budowa domu\">Budowa domu<\/option><option value=\"Demonta\u017c i relokacja\">Demonta\u017c i relokacja<\/option><option value=\"Rozbi\u00f3rka i przygotowanie terenu\">Rozbi\u00f3rka i przygotowanie terenu<\/option><option value=\"Instalacje\">Instalacje<\/option><option value=\"Inne\">Inne<\/option><\/select><\/span><\/label>\n<\/p>\n<p><label> Rodzaj klienta<br \/>\n<span class=\"wpcf7-form-control-wrap\" data-name=\"select-837\"><select class=\"wpcf7-form-control wpcf7-select wpcf7-validates-as-required\" aria-required=\"true\" aria-invalid=\"false\" name=\"select-837\"><option value=\"\">WYBIERZ<\/option><option value=\"Klient indywidualny\">Klient indywidualny<\/option><option value=\"Inwestor\">Inwestor<\/option><option value=\"Generalny Wykonawca\">Generalny Wykonawca<\/option><option value=\"Deweloper\">Deweloper<\/option><option value=\"Projektant\">Projektant<\/option><option value=\"Inny\">Inny<\/option><\/select><\/span><\/label>\n<\/p>\n<p><label> Za\u0142\u0105czniki<br \/>\n<span class=\"wpcf7-form-control-wrap\" data-name=\"file-63\"><input size=\"40\" class=\"wpcf7-form-control wpcf7-file\" accept=\"audio\/*,video\/*,image\/*\" aria-invalid=\"false\" type=\"file\" name=\"file-63\" \/><\/span><\/label><br \/>\n<label><span class=\"wpcf7-form-control-wrap\" data-name=\"file-63\"><input size=\"40\" class=\"wpcf7-form-control wpcf7-file\" accept=\"audio\/*,video\/*,image\/*\" aria-invalid=\"false\" type=\"file\" name=\"file-63\" \/><\/span><\/label><br \/>\n<label><span class=\"wpcf7-form-control-wrap\" data-name=\"file-63\"><input size=\"40\" class=\"wpcf7-form-control wpcf7-file\" accept=\"audio\/*,video\/*,image\/*\" aria-invalid=\"false\" type=\"file\" name=\"file-63\" \/><\/span><\/label><br \/>\n<label><span class=\"wpcf7-form-control-wrap\" data-name=\"file-63\"><input size=\"40\" class=\"wpcf7-form-control wpcf7-file\" accept=\"audio\/*,video\/*,image\/*\" aria-invalid=\"false\" type=\"file\" name=\"file-63\" \/><\/span><\/label><br \/>\n<label><span class=\"wpcf7-form-control-wrap\" data-name=\"file-63\"><input size=\"40\" class=\"wpcf7-form-control wpcf7-file\" accept=\"audio\/*,video\/*,image\/*\" aria-invalid=\"false\" type=\"file\" name=\"file-63\" \/><\/span><\/label><br \/>\n<label><span class=\"wpcf7-form-control-wrap\" data-name=\"file-63\"><input size=\"40\" class=\"wpcf7-form-control wpcf7-file\" accept=\"audio\/*,video\/*,image\/*\" aria-invalid=\"false\" type=\"file\" name=\"file-63\" \/><\/span><\/label><br \/>\n<label><span class=\"wpcf7-form-control-wrap\" data-name=\"file-63\"><input size=\"40\" class=\"wpcf7-form-control wpcf7-file\" accept=\"audio\/*,video\/*,image\/*\" aria-invalid=\"false\" type=\"file\" name=\"file-63\" \/><\/span><\/label>\n<\/p>\n<p><label> Temat<br \/>\n<span class=\"wpcf7-form-control-wrap\" data-name=\"your-subject\"><input size=\"40\" maxlength=\"400\" class=\"wpcf7-form-control wpcf7-text wpcf7-validates-as-required\" aria-required=\"true\" aria-invalid=\"false\" value=\"\" type=\"text\" name=\"your-subject\" \/><\/span> <\/label>\n<\/p>\n<p><label> Twoja wiadomo\u015b\u0107 (opcjonalne)<br \/>\n<span class=\"wpcf7-form-control-wrap\" data-name=\"your-message\"><textarea cols=\"40\" rows=\"10\" maxlength=\"2000\" class=\"wpcf7-form-control wpcf7-textarea\" aria-invalid=\"false\" name=\"your-message\"><\/textarea><\/span> <\/label><br \/>\n<label><br \/>\nWysy\u0142aj\u0105c ten formularz wyra\u017casz zgod\u0119 na przetwarzanie danych osobowych na potrzeby realizacji obs\u0142ugi ze strony Quatri Pro Sp. z o.o.<\/label><br \/>\n<input class=\"wpcf7-form-control wpcf7-submit has-spinner\" type=\"submit\" value=\"Wy\u015blij\" \/>\n<\/p><p style=\"display: none !important;\" class=\"akismet-fields-container\" data-prefix=\"_wpcf7_ak_\"><label>&#916;<textarea name=\"_wpcf7_ak_hp_textarea\" cols=\"45\" rows=\"8\" maxlength=\"100\"><\/textarea><\/label><input type=\"hidden\" id=\"ak_js_1\" name=\"_wpcf7_ak_js\" value=\"79\"\/><script>document.getElementById( \"ak_js_1\" ).setAttribute( \"value\", ( new Date() ).getTime() );<\/script><\/p><div class=\"wpcf7-response-output\" aria-hidden=\"true\"><\/div>\n<\/form>\n<\/div>\n\t\t\t\t<\/div>\n\t\t\t\t\t<\/div>\n\t\t\t\t<\/div>\n\t\t<div class=\"elementor-element elementor-element-6f5b1a1 e-flex e-con-boxed e-con e-parent\" data-id=\"6f5b1a1\" data-element_type=\"container\" data-e-type=\"container\">\n\t\t\t\t\t<div class=\"e-con-inner\">\n\t\t\t\t<div class=\"elementor-element elementor-element-f8a1079 elementor-widget elementor-widget-text-editor\" data-id=\"f8a1079\" data-element_type=\"widget\" data-e-type=\"widget\" data-widget_type=\"text-editor.default\">\n\t\t\t\t\t\t\t\t\t<p><img decoding=\"async\" class=\"emoji\" role=\"img\" draggable=\"false\" src=\"https:\/\/s.w.org\/images\/core\/emoji\/17.0.2\/svg\/1f4de.svg\" alt=\"\ud83d\udcde\" \/>\u00a0<strong data-start=\"6208\" data-end=\"6220\">Telefon:<\/strong>\u00a0<span style=\"color: #003366;\"><strong data-start=\"5720\" data-end=\"5732\">+48 881 332 844<\/strong><\/span>\u00a0lub\u00a0<span style=\"color: #003366;\"><strong>+48 881 42 66 99<\/strong><\/span><br data-start=\"6248\" data-end=\"6251\" \/><img decoding=\"async\" class=\"emoji\" role=\"img\" draggable=\"false\" src=\"https:\/\/s.w.org\/images\/core\/emoji\/17.0.2\/svg\/1f4e7.svg\" alt=\"\ud83d\udce7\" \/>\u00a0<strong data-start=\"6254\" data-end=\"6265\">E-mail:<\/strong>\u00a0<span style=\"color: #003366;\"><strong data-start=\"5868\" data-end=\"5879\">biuro@quatripro.pl<\/strong><\/span><\/p>\t\t\t\t\t\t\t\t<\/div>\n\t\t\t\t\t<\/div>\n\t\t\t\t<\/div>\n\t\t<div class=\"elementor-element elementor-element-5568acc e-flex e-con-boxed e-con e-parent\" data-id=\"5568acc\" data-element_type=\"container\" data-e-type=\"container\">\n\t\t\t\t\t<div class=\"e-con-inner\">\n\t\t\t\t<div class=\"elementor-element elementor-element-b11ce6a elementor-widget elementor-widget-text-editor\" data-id=\"b11ce6a\" data-element_type=\"widget\" data-e-type=\"widget\" data-widget_type=\"text-editor.default\">\n\t\t\t\t\t\t\t\t\t<div class=\"elementor-element elementor-element-36ec6f6 e-flex e-con-boxed e-con e-parent e-lazyloaded\" data-id=\"36ec6f6\" data-element_type=\"container\"><div class=\"e-con-inner\"><div class=\"elementor-element elementor-element-de94b65 elementor-widget elementor-widget-heading\" data-id=\"de94b65\" data-element_type=\"widget\" data-widget_type=\"heading.default\"><h3 class=\"elementor-heading-title elementor-size-default\" style=\"text-align: center;\"><span style=\"color: #003366;\">Co dalej?<\/span><\/h3><\/div><\/div><\/div><div class=\"elementor-element elementor-element-6cc0af9 e-flex e-con-boxed e-con e-parent e-lazyloaded\" data-id=\"6cc0af9\" data-element_type=\"container\"><div class=\"e-con-inner\"><div class=\"elementor-element elementor-element-a2aa9bf elementor-widget elementor-widget-text-editor\" data-id=\"a2aa9bf\" data-element_type=\"widget\" data-widget_type=\"text-editor.default\"><p style=\"text-align: center;\">Po wys\u0142aniu zapytania dok\u0142adnie zapoznamy si\u0119 z Twoimi informacjami. Je\u015bli b\u0119dziemy mie\u0107 dodatkowe pytania \u2013 odezwiemy si\u0119 do Ciebie mailowo lub telefonicznie, aby doprecyzowa\u0107 szczeg\u00f3\u0142y. Gdy wszystko b\u0119dzie jasne, przyst\u0105pimy do przygotowania wyceny. Na odpowied\u017a nie b\u0119dziesz czeka\u0107 d\u0142ugo \u2013 maksymalny czas realizacji to 48 godzin, a w przypadku prostych projekt\u00f3w otrzymasz wycen\u0119 nawet w ci\u0105gu kilku godzin.<\/p><\/div><\/div><\/div>\t\t\t\t\t\t\t\t<\/div>\n\t\t\t\t\t<\/div>\n\t\t\t\t<\/div>\n\t\t\t\t<\/div>\n\t\t","protected":false},"excerpt":{"rendered":"<p>Szybka wycena &#8211; oferta skrojona na miar\u0119 Twoich potrzeb Potrzebujesz pozna\u0107 koszt realizacji swojego projektu? Skorzystaj z naszego formularza szybkiej [&hellip;]<\/p>\n","protected":false},"author":1,"featured_media":0,"parent":0,"menu_order":0,"comment_status":"closed","ping_status":"closed","template":"","meta":{"_monsterinsights_skip_tracking":false,"_monsterinsights_sitenote_active":false,"_monsterinsights_sitenote_note":"","_monsterinsights_sitenote_category":0,"site-sidebar-layout":"no-sidebar","site-content-layout":"","ast-site-content-layout":"full-width-container","site-content-style":"default","site-sidebar-style":"default","ast-global-header-display":"","ast-banner-title-visibility":"","ast-main-header-display":"","ast-hfb-above-header-display":"","ast-hfb-below-header-display":"","ast-hfb-mobile-header-display":"","site-post-title":"disabled","ast-breadcrumbs-content":"","ast-featured-img":"disabled","footer-sml-layout":"","ast-disable-related-posts":"","theme-transparent-header-meta":"","adv-header-id-meta":"","stick-header-meta":"","header-above-stick-meta":"","header-main-stick-meta":"","header-below-stick-meta":"","astra-migrate-meta-layouts":"default","ast-page-background-enabled":"default","ast-page-background-meta":{"desktop":{"background-color":"var(--ast-global-color-5)","background-image":"","background-repeat":"repeat","background-position":"center center","background-size":"auto","background-attachment":"scroll","background-type":"","background-media":"","overlay-type":"","overlay-color":"","overlay-opacity":"","overlay-gradient":""},"tablet":{"background-color":"","background-image":"","background-repeat":"repeat","background-position":"center center","background-size":"auto","background-attachment":"scroll","background-type":"","background-media":"","overlay-type":"","overlay-color":"","overlay-opacity":"","overlay-gradient":""},"mobile":{"background-color":"","background-image":"","background-repeat":"repeat","background-position":"center center","background-size":"auto","background-attachment":"scroll","background-type":"","background-media":"","overlay-type":"","overlay-color":"","overlay-opacity":"","overlay-gradient":""}},"ast-content-background-meta":{"desktop":{"background-color":"var(--ast-global-color-4)","background-image":"","background-repeat":"repeat","background-position":"center center","background-size":"auto","background-attachment":"scroll","background-type":"","background-media":"","overlay-type":"","overlay-color":"","overlay-opacity":"","overlay-gradient":""},"tablet":{"background-color":"var(--ast-global-color-4)","background-image":"","background-repeat":"repeat","background-position":"center center","background-size":"auto","background-attachment":"scroll","background-type":"","background-media":"","overlay-type":"","overlay-color":"","overlay-opacity":"","overlay-gradient":""},"mobile":{"background-color":"var(--ast-global-color-4)","background-image":"","background-repeat":"repeat","background-position":"center center","background-size":"auto","background-attachment":"scroll","background-type":"","background-media":"","overlay-type":"","overlay-color":"","overlay-opacity":"","overlay-gradient":""}},"footnotes":""},"class_list":["post-532","page","type-page","status-publish","hentry"],"aioseo_notices":[],"_links":{"self":[{"href":"https:\/\/quatripro.pl\/index.php?rest_route=\/wp\/v2\/pages\/532","targetHints":{"allow":["GET"]}}],"collection":[{"href":"https:\/\/quatripro.pl\/index.php?rest_route=\/wp\/v2\/pages"}],"about":[{"href":"https:\/\/quatripro.pl\/index.php?rest_route=\/wp\/v2\/types\/page"}],"author":[{"embeddable":true,"href":"https:\/\/quatripro.pl\/index.php?rest_route=\/wp\/v2\/users\/1"}],"replies":[{"embeddable":true,"href":"https:\/\/quatripro.pl\/index.php?rest_route=%2Fwp%2Fv2%2Fcomments&post=532"}],"version-history":[{"count":10,"href":"https:\/\/quatripro.pl\/index.php?rest_route=\/wp\/v2\/pages\/532\/revisions"}],"predecessor-version":[{"id":545,"href":"https:\/\/quatripro.pl\/index.php?rest_route=\/wp\/v2\/pages\/532\/revisions\/545"}],"wp:attachment":[{"href":"https:\/\/quatripro.pl\/index.php?rest_route=%2Fwp%2Fv2%2Fmedia&parent=532"}],"curies":[{"name":"wp","href":"https:\/\/api.w.org\/{rel}","templated":true}]}}